{"id":1849,"date":"2025-05-08T16:30:14","date_gmt":"2025-05-08T22:30:14","guid":{"rendered":"http:\/\/52.6.95.37\/aviso-de-privacidad\/"},"modified":"2025-06-19T14:02:51","modified_gmt":"2025-06-19T20:02:51","slug":"aviso-de-privacidad","status":"publish","type":"page","link":"https:\/\/endemolshinebd.com\/en\/aviso-de-privacidad\/","title":{"rendered":"Aviso de Privacidad"},"content":{"rendered":"\t\t<div data-elementor-type=\"wp-page\" data-elementor-id=\"1849\" class=\"elementor elementor-1849 elementor-34\" data-elementor-post-type=\"page\">\n\t\t\t\t<div class=\"elementor-element elementor-element-16fa7c1 e-con-full e-flex e-con e-parent\" data-id=\"16fa7c1\" data-element_type=\"container\" data-e-type=\"container\">\n\t\t<div class=\"elementor-element elementor-element-0440fda e-flex e-con-boxed e-con e-child\" data-id=\"0440fda\" data-element_type=\"container\" data-e-type=\"container\">\n\t\t\t\t\t<div class=\"e-con-inner\">\n\t\t\t\t<div class=\"elementor-element elementor-element-e9d8e48 elementor-widget__width-inherit elementor-invisible elementor-widget elementor-widget-heading\" data-id=\"e9d8e48\" data-element_type=\"widget\" data-e-type=\"widget\" data-settings=\"{&quot;_animation&quot;:&quot;fadeInUp&quot;}\" data-widget_type=\"heading.default\">\n\t\t\t\t\t<h3 class=\"elementor-heading-title elementor-size-default\">Aviso de Privacidad<\/h3>\t\t\t\t<\/div>\n\t\t\t\t<div class=\"elementor-element elementor-element-e332587 elementor-widget elementor-widget-text-editor\" data-id=\"e332587\" data-element_type=\"widget\" data-e-type=\"widget\" data-widget_type=\"text-editor.default\">\n\t\t\t\t\t\t\t\t\t<p>El pasado 5 de julio de 2010 se public\u00f3 en el Diario Oficial de la Federaci\u00f3n, la Ley Federal de Protecci\u00f3n de Datos Personales en Posesi\u00f3n de Particulares (en lo sucesivo la &#8220;Ley&#8221;), que tiene por objeto la protecci\u00f3n de los datos personales en posesi\u00f3n de los particulares, con la finalidad de regular su tratamiento leg\u00edtimo, controlado e informado, a efecto de garantizar la privacidad y el derecho a la autodeterminaci\u00f3n informativa de las personas.<br \/>En cumplimiento con lo anterior, BOOMDOG, S.A.P.I. DE C.V. y BOOMDOG STUDIOS,S.A. DE C.V. \u2013d\/b\/a ENDEMOL SHINE BOOMDOG (conjuntamente denominadas&#8221;BOOMDOG&#8221;\u00ae) con domicilio en kil\u00f3metro 14.5 CarreteraM\u00e9xico-Huixquilucan n\u00famero 123, Colonia San Bartolom\u00e9 Coatepec, C.P. 52770,Huixquilucan, Estado de M\u00e9xico, comunican lo siguiente:<br \/>\u200d<br \/><strong>I. Datos y su Finalidad<\/strong><br \/>Los Datos Personales que podr\u00e1 solicitar &#8220;BOOMDOG&#8221;\u00ae son: Nombre completo, fecha de nacimiento, tel\u00e9fonos, correo electr\u00f3nico, direcci\u00f3n fiscal y direcci\u00f3n particular; datos de cuenta bancaria; RFC y CURP. Esta descripci\u00f3n es enunciativa, m\u00e1s no limitativa.<br \/>La finalidad de contar con sus datos son las siguientes:<br \/>\u200d<br \/>(i) Llevar a cabo su contrataci\u00f3n como Proveedor, Prestador de Servicios o Empleado, y, de ser el caso, dar continuidad a la relaci\u00f3n que se establezca.<br \/>(ii) Para el desarrollo de las relaciones comerciales entre &#8220;BOOMDOG\u201d \u00ae y sus clientes.<br \/>(iii) Llevar a cabo el proceso de reclutamiento y selecci\u00f3n de personal.<br \/>(iv) Verificaci\u00f3n de datos e informaci\u00f3n proporcionada durante el proceso de reclutamiento y selecci\u00f3n.<br \/>(v) Formaci\u00f3n de expedientes para control de datos.<br \/>(vi) Verificaci\u00f3n de referencias laborales y personales.<br \/>\u200d<br \/><strong>II. L\u00edmite al Uso o Divulgaci\u00f3n de los Datos<\/strong><br \/>Los datos proporcionados a &#8220;BOOMDOG\u201d\u00ae, ser\u00e1n resguardados y administrados en t\u00e9rminos de lo dispuesto en la &#8220;Ley&#8221; y, en tal sentido, nos comprometemos a salvaguardar tal informaci\u00f3n bajo los principios de lealtad y responsabilidad. La informaci\u00f3n obtenida se encuentra protegida por medio de procedimientos f\u00edsicos, tecnol\u00f3gicos y administrativos apegados a normas que salvaguardan los datos en t\u00e9rminos de lo dispuesto en la &#8220;Ley&#8221;.<br \/>\u200d<br \/><strong>III. Transferencia de Datos.<\/strong><br \/>En virtud de que algunas actividades relacionadas con nuestro objeto social no son realizadas directamente por \u201cBOOMDOG\u201d\u00ae, sino a trav\u00e9s de proveedores y\/o clientes externos y en algunos casos por mandatarios, quienes llevan a cabo el tratamiento de los datos personales, \u201cBOOMDOG\u201d\u00ae podr\u00e1 transferir los datos personales a terceros nacionales o extranjeros. Para ello &#8220;BOOMDOG\u201d\u00ae se compromete a llevar a cabo las acciones necesarias para asegurar el cumpliendo cabal de lo establecidos en la &#8220;Ley&#8221;.<br \/>Se entiende que usted consiente la transferencia de datos, salvo que usted manifieste expresamente su oposici\u00f3n, mediante el envi\u00f3 de una solicitud al siguiente correo electr\u00f3nico:\u00a0<a class=\"link-2\" href=\"mailto:privacidad@boomdogfilms.com\"><strong>privacidad@boomdogfilms.com<\/strong><\/a>.<br \/><strong><br \/>IV. Medios para ejercer los derechos \u201cARCO\u201d<\/strong><br \/>Podr\u00e1 ejercer sus derechos de acceso, rectificaci\u00f3n, cancelaci\u00f3n y oposici\u00f3n contenidos en la &#8220;Ley&#8221;, por escrito enviado al correo electr\u00f3nico: <strong>privacidad@boomdogfilms.com<\/strong>.<br \/>La solicitud para ejercer los Derechos \u201cARCO\u201d o para revocar el consentimiento al tratamiento de los datos personales, deber\u00e1 contener y estar acompa\u00f1ada delo siguiente: (i) el nombre, apellido paterno y materno del Titular; (ii) su domicilio y\/o correo electr\u00f3nico y\/o cualquier otro medio para comunicarle la respuesta a su solicitud; (iii) los documentos oficiales que acrediten la identidad o, en su caso, la representaci\u00f3n legal del Titular; (iv) la descripci\u00f3n clara y precisa de los Datos respecto de los que se busca ejercer alguno de los derechos antes mencionados; y (v) cualquier otro elemento o documento que facilite la localizaci\u00f3n de los Datos del Titular.<br \/>\u200d<br \/><strong>V. Cambios al Aviso de Privacidad<\/strong><br \/>&#8220;BOOMDOG&#8221; \u00ae tiene el derecho de efectuar cualquier cambio o modificaci\u00f3n al aviso de privacidad. Tales modificaciones podr\u00e1n ser consultadas en www.boomdogfilms.com.<br \/>\u200d<br \/><strong>VI. Autoridad.<\/strong><br \/>Si considera que han sido vulnerados sus derechos respecto de la protecci\u00f3n de datos personales, tiene el derecho de acudir ante el Instituto Nacional de Transparencia, Acceso a la Informaci\u00f3n y Protecci\u00f3n de Datos Personales (INAI).<\/p>\t\t\t\t\t\t\t\t<\/div>\n\t\t\t\t\t<\/div>\n\t\t\t\t<\/div>\n\t\t\t\t<\/div>\n\t\t\t\t<\/div>\n\t\t","protected":false},"excerpt":{"rendered":"<p>Aviso de Privacidad El pasado 5 de julio de 2010 se public\u00f3 en el Diario Oficial de la Federaci\u00f3n, la Ley Federal de Protecci\u00f3n de Datos Personales en Posesi\u00f3n de Particulares (en lo sucesivo la &#8220;Ley&#8221;), que tiene por objeto la protecci\u00f3n de los datos personales en posesi\u00f3n de los particulares, con la finalidad de [&hellip;]<\/p>\n","protected":false},"author":1,"featured_media":0,"parent":0,"menu_order":0,"comment_status":"closed","ping_status":"closed","template":"elementor_header_footer","meta":{"_acf_changed":false,"footnotes":""},"class_list":["post-1849","page","type-page","status-publish","hentry"],"acf":[],"_links":{"self":[{"href":"https:\/\/endemolshinebd.com\/en\/wp-json\/wp\/v2\/pages\/1849","targetHints":{"allow":["GET"]}}],"collection":[{"href":"https:\/\/endemolshinebd.com\/en\/wp-json\/wp\/v2\/pages"}],"about":[{"href":"https:\/\/endemolshinebd.com\/en\/wp-json\/wp\/v2\/types\/page"}],"author":[{"embeddable":true,"href":"https:\/\/endemolshinebd.com\/en\/wp-json\/wp\/v2\/users\/1"}],"replies":[{"embeddable":true,"href":"https:\/\/endemolshinebd.com\/en\/wp-json\/wp\/v2\/comments?post=1849"}],"version-history":[{"count":0,"href":"https:\/\/endemolshinebd.com\/en\/wp-json\/wp\/v2\/pages\/1849\/revisions"}],"wp:attachment":[{"href":"https:\/\/endemolshinebd.com\/en\/wp-json\/wp\/v2\/media?parent=1849"}],"curies":[{"name":"wp","href":"https:\/\/api.w.org\/{rel}","templated":true}]}}